{"id":440,"date":"2024-06-18T01:15:32","date_gmt":"2024-06-17T23:15:32","guid":{"rendered":"https:\/\/multiagenciacobano.com\/?page_id=440"},"modified":"2026-03-11T15:21:58","modified_gmt":"2026-03-11T14:21:58","slug":"scooters","status":"publish","type":"page","link":"https:\/\/multiagenciacobano.com\/en\/scooters\/","title":{"rendered":"SCOOTERS"},"content":{"rendered":"<div data-elementor-type=\"wp-page\" data-elementor-id=\"440\" class=\"elementor elementor-440\" data-elementor-post-type=\"page\">\n\t\t\t\t<div class=\"elementor-element elementor-element-cfe85b3 e-con-full e-flex e-con e-parent\" data-id=\"cfe85b3\" data-element_type=\"container\">\n\t\t\t\t<div class=\"elementor-element elementor-element-76dbcde elementor-widget elementor-widget-image\" data-id=\"76dbcde\" data-element_type=\"widget\" data-widget_type=\"image.default\">\n\t\t\t\t<div class=\"elementor-widget-container\">\n\t\t\t\t\t\t\t\t\t\t\t\t\t\t\t<img fetchpriority=\"high\" decoding=\"async\" width=\"1271\" height=\"589\" src=\"https:\/\/multiagenciacobano.com\/wp-content\/uploads\/2025\/06\/SCOOTER-1.png\" class=\"attachment-full size-full wp-image-6775\" alt=\"\" srcset=\"https:\/\/multiagenciacobano.com\/wp-content\/uploads\/2025\/06\/SCOOTER-1.png 1271w, https:\/\/multiagenciacobano.com\/wp-content\/uploads\/2025\/06\/SCOOTER-1-300x139.png 300w, https:\/\/multiagenciacobano.com\/wp-content\/uploads\/2025\/06\/SCOOTER-1-1024x475.png 1024w, https:\/\/multiagenciacobano.com\/wp-content\/uploads\/2025\/06\/SCOOTER-1-768x356.png 768w, https:\/\/multiagenciacobano.com\/wp-content\/uploads\/2025\/06\/SCOOTER-1-18x8.png 18w\" sizes=\"(max-width: 1271px) 100vw, 1271px\" \/>\t\t\t\t\t\t\t\t\t\t\t\t\t\t\t<\/div>\n\t\t\t\t<\/div>\n\t\t\t\t<\/div>\n\t\t<div class=\"elementor-element elementor-element-b6dda28 e-flex e-con-boxed e-con e-parent\" data-id=\"b6dda28\" data-element_type=\"container\">\n\t\t\t\t\t<div class=\"e-con-inner\">\n\t\t<div class=\"elementor-element elementor-element-7f569b1 e-con-full elementor-hidden-mobile e-flex e-con e-child\" data-id=\"7f569b1\" data-element_type=\"container\">\n\t\t\t\t<div class=\"elementor-element elementor-element-f656fec elementor-widget elementor-widget-heading\" data-id=\"f656fec\" data-element_type=\"widget\" data-widget_type=\"heading.default\">\n\t\t\t\t<div class=\"elementor-widget-container\">\n\t\t\t\t\t<h2 class=\"elementor-heading-title elementor-size-default\">VEHICLES<\/h2>\t\t\t\t<\/div>\n\t\t\t\t<\/div>\n\t\t\t\t<div class=\"elementor-element elementor-element-5f4f1cc elementor-widget elementor-widget-heading\" data-id=\"5f4f1cc\" data-element_type=\"widget\" data-widget_type=\"heading.default\">\n\t\t\t\t<div class=\"elementor-widget-container\">\n\t\t\t\t\t<h2 class=\"elementor-heading-title elementor-size-default\"><a href=\"https:\/\/multiagenciacobano.com\/en\/scooters\/\">SCOOTER<\/a><\/h2>\t\t\t\t<\/div>\n\t\t\t\t<\/div>\n\t\t\t\t<div class=\"elementor-element elementor-element-0cc15ca elementor-widget elementor-widget-heading\" data-id=\"0cc15ca\" data-element_type=\"widget\" data-widget_type=\"heading.default\">\n\t\t\t\t<div class=\"elementor-widget-container\">\n\t\t\t\t\t<h2 class=\"elementor-heading-title elementor-size-default\"><a href=\"https:\/\/multiagenciacobano.com\/en\/motos-sport\/\">SPORT MOTORCYCLES<\/a><\/h2>\t\t\t\t<\/div>\n\t\t\t\t<\/div>\n\t\t\t\t<div class=\"elementor-element elementor-element-af89157 elementor-widget elementor-widget-heading\" data-id=\"af89157\" data-element_type=\"widget\" data-widget_type=\"heading.default\">\n\t\t\t\t<div class=\"elementor-widget-container\">\n\t\t\t\t\t<h2 class=\"elementor-heading-title elementor-size-default\"><a href=\"https:\/\/multiagenciacobano.com\/en\/doble-proposito\/\">DUAL PURPOSE<\/a><\/h2>\t\t\t\t<\/div>\n\t\t\t\t<\/div>\n\t\t\t\t<div class=\"elementor-element elementor-element-b4bc735 elementor-widget elementor-widget-heading\" data-id=\"b4bc735\" data-element_type=\"widget\" data-widget_type=\"heading.default\">\n\t\t\t\t<div class=\"elementor-widget-container\">\n\t\t\t\t\t<h2 class=\"elementor-heading-title elementor-size-default\"><a href=\"https:\/\/multiagenciacobano.com\/en\/motos-especiales-2\/\">SPECIAL MOTORCYCLES<\/a><\/h2>\t\t\t\t<\/div>\n\t\t\t\t<\/div>\n\t\t\t\t<div class=\"elementor-element elementor-element-c1984b5 elementor-widget elementor-widget-heading\" data-id=\"c1984b5\" data-element_type=\"widget\" data-widget_type=\"heading.default\">\n\t\t\t\t<div class=\"elementor-widget-container\">\n\t\t\t\t\t<h2 class=\"elementor-heading-title elementor-size-default\"><a href=\"https:\/\/multiagenciacobano.com\/en\/moto-alta-cilindrada\/\">HIGH DISPLACEMENT<\/a><\/h2>\t\t\t\t<\/div>\n\t\t\t\t<\/div>\n\t\t\t\t<div class=\"elementor-element elementor-element-8061bd9 elementor-widget elementor-widget-heading\" data-id=\"8061bd9\" data-element_type=\"widget\" data-widget_type=\"heading.default\">\n\t\t\t\t<div class=\"elementor-widget-container\">\n\t\t\t\t\t<h2 class=\"elementor-heading-title elementor-size-default\"><a href=\"https:\/\/multiagenciacobano.com\/en\/atv\/\">ATVs<\/a><\/h2>\t\t\t\t<\/div>\n\t\t\t\t<\/div>\n\t\t\t\t<div class=\"elementor-element elementor-element-4eda81c elementor-widget elementor-widget-heading\" data-id=\"4eda81c\" data-element_type=\"widget\" data-widget_type=\"heading.default\">\n\t\t\t\t<div class=\"elementor-widget-container\">\n\t\t\t\t\t<h2 class=\"elementor-heading-title elementor-size-default\"><a href=\"https:\/\/multiagenciacobano.com\/en\/side-by-side-2\/\">SIDE BY SIDE<\/a><\/h2>\t\t\t\t<\/div>\n\t\t\t\t<\/div>\n\t\t\t\t<\/div>\n\t\t<div class=\"elementor-element elementor-element-51d6a75 e-grid e-con-boxed e-con e-child\" data-id=\"51d6a75\" data-element_type=\"container\">\n\t\t\t\t\t<div class=\"e-con-inner\">\n\t\t<div class=\"elementor-element elementor-element-6061da1 e-flex e-con-boxed e-con e-child\" data-id=\"6061da1\" data-element_type=\"container\">\n\t\t\t\t\t<div class=\"e-con-inner\">\n\t\t\t\t<div class=\"elementor-element elementor-element-68c2caf elementor-widget elementor-widget-image\" data-id=\"68c2caf\" data-element_type=\"widget\" data-widget_type=\"image.default\">\n\t\t\t\t<div class=\"elementor-widget-container\">\n\t\t\t\t\t\t\t\t\t\t\t\t\t\t\t<img decoding=\"async\" width=\"750\" height=\"625\" src=\"https:\/\/multiagenciacobano.com\/wp-content\/uploads\/2025\/11\/NAVI.png\" class=\"attachment-large size-large wp-image-8059\" alt=\"\" srcset=\"https:\/\/multiagenciacobano.com\/wp-content\/uploads\/2025\/11\/NAVI.png 750w, https:\/\/multiagenciacobano.com\/wp-content\/uploads\/2025\/11\/NAVI-300x250.png 300w, https:\/\/multiagenciacobano.com\/wp-content\/uploads\/2025\/11\/NAVI-14x12.png 14w\" sizes=\"(max-width: 750px) 100vw, 750px\" \/>\t\t\t\t\t\t\t\t\t\t\t\t\t\t\t<\/div>\n\t\t\t\t<\/div>\n\t\t\t\t<div class=\"elementor-element elementor-element-2a8a252 elementor-widget elementor-widget-button\" data-id=\"2a8a252\" data-element_type=\"widget\" data-widget_type=\"button.default\">\n\t\t\t\t<div class=\"elementor-widget-container\">\n\t\t\t\t\t\t\t\t\t<div class=\"elementor-button-wrapper\">\n\t\t\t\t\t<a class=\"elementor-button elementor-button-link elementor-size-sm elementor-animation-grow\" href=\"https:\/\/multiagenciacobano.com\/en\/scooter-navi\/\">\n\t\t\t\t\t\t<span class=\"elementor-button-content-wrapper\">\n\t\t\t\t\t\t\t\t\t<span class=\"elementor-button-text\">MORE INFORMATION<\/span>\n\t\t\t\t\t<\/span>\n\t\t\t\t\t<\/a>\n\t\t\t\t<\/div>\n\t\t\t\t\t\t\t\t<\/div>\n\t\t\t\t<\/div>\n\t\t\t\t\t<\/div>\n\t\t\t\t<\/div>\n\t\t<div class=\"elementor-element elementor-element-7708f49 e-flex e-con-boxed e-con e-child\" data-id=\"7708f49\" data-element_type=\"container\">\n\t\t\t\t\t<div class=\"e-con-inner\">\n\t\t\t\t<div class=\"elementor-element elementor-element-09bde63 elementor-widget elementor-widget-image\" data-id=\"09bde63\" data-element_type=\"widget\" data-widget_type=\"image.default\">\n\t\t\t\t<div class=\"elementor-widget-container\">\n\t\t\t\t\t\t\t\t\t\t\t\t\t\t\t<img decoding=\"async\" width=\"750\" height=\"625\" src=\"https:\/\/multiagenciacobano.com\/wp-content\/uploads\/2025\/11\/ELITE.png\" class=\"attachment-large size-large wp-image-8058\" alt=\"\" srcset=\"https:\/\/multiagenciacobano.com\/wp-content\/uploads\/2025\/11\/ELITE.png 750w, https:\/\/multiagenciacobano.com\/wp-content\/uploads\/2025\/11\/ELITE-300x250.png 300w, https:\/\/multiagenciacobano.com\/wp-content\/uploads\/2025\/11\/ELITE-14x12.png 14w\" sizes=\"(max-width: 750px) 100vw, 750px\" \/>\t\t\t\t\t\t\t\t\t\t\t\t\t\t\t<\/div>\n\t\t\t\t<\/div>\n\t\t\t\t<div class=\"elementor-element elementor-element-4699fe7 elementor-widget elementor-widget-button\" data-id=\"4699fe7\" data-element_type=\"widget\" data-widget_type=\"button.default\">\n\t\t\t\t<div class=\"elementor-widget-container\">\n\t\t\t\t\t\t\t\t\t<div class=\"elementor-button-wrapper\">\n\t\t\t\t\t<a class=\"elementor-button elementor-button-link elementor-size-sm elementor-animation-grow\" href=\"https:\/\/multiagenciacobano.com\/en\/elite\/\">\n\t\t\t\t\t\t<span class=\"elementor-button-content-wrapper\">\n\t\t\t\t\t\t\t\t\t<span class=\"elementor-button-text\">MORE INFORMATION<\/span>\n\t\t\t\t\t<\/span>\n\t\t\t\t\t<\/a>\n\t\t\t\t<\/div>\n\t\t\t\t\t\t\t\t<\/div>\n\t\t\t\t<\/div>\n\t\t\t\t\t<\/div>\n\t\t\t\t<\/div>\n\t\t<div class=\"elementor-element elementor-element-91b8752 e-flex e-con-boxed e-con e-child\" data-id=\"91b8752\" data-element_type=\"container\">\n\t\t\t\t\t<div class=\"e-con-inner\">\n\t\t\t\t<div class=\"elementor-element elementor-element-70d4fb7 elementor-widget elementor-widget-image\" data-id=\"70d4fb7\" data-element_type=\"widget\" data-widget_type=\"image.default\">\n\t\t\t\t<div class=\"elementor-widget-container\">\n\t\t\t\t\t\t\t\t\t\t\t\t\t\t\t<img loading=\"lazy\" decoding=\"async\" width=\"750\" height=\"625\" src=\"https:\/\/multiagenciacobano.com\/wp-content\/uploads\/2025\/11\/WAVE-110S-1.png\" class=\"attachment-large size-large wp-image-8060\" alt=\"\" srcset=\"https:\/\/multiagenciacobano.com\/wp-content\/uploads\/2025\/11\/WAVE-110S-1.png 750w, https:\/\/multiagenciacobano.com\/wp-content\/uploads\/2025\/11\/WAVE-110S-1-300x250.png 300w, https:\/\/multiagenciacobano.com\/wp-content\/uploads\/2025\/11\/WAVE-110S-1-14x12.png 14w\" sizes=\"(max-width: 750px) 100vw, 750px\" \/>\t\t\t\t\t\t\t\t\t\t\t\t\t\t\t<\/div>\n\t\t\t\t<\/div>\n\t\t\t\t<div class=\"elementor-element elementor-element-2febad9 elementor-widget elementor-widget-button\" data-id=\"2febad9\" data-element_type=\"widget\" data-widget_type=\"button.default\">\n\t\t\t\t<div class=\"elementor-widget-container\">\n\t\t\t\t\t\t\t\t\t<div class=\"elementor-button-wrapper\">\n\t\t\t\t\t<a class=\"elementor-button elementor-button-link elementor-size-sm elementor-animation-grow\" href=\"https:\/\/multiagenciacobano.com\/en\/wave-110s\/\">\n\t\t\t\t\t\t<span class=\"elementor-button-content-wrapper\">\n\t\t\t\t\t\t\t\t\t<span class=\"elementor-button-text\">MORE INFORMATION<\/span>\n\t\t\t\t\t<\/span>\n\t\t\t\t\t<\/a>\n\t\t\t\t<\/div>\n\t\t\t\t\t\t\t\t<\/div>\n\t\t\t\t<\/div>\n\t\t\t\t\t<\/div>\n\t\t\t\t<\/div>\n\t\t<div class=\"elementor-element elementor-element-d00a0cf e-flex e-con-boxed e-con e-child\" data-id=\"d00a0cf\" data-element_type=\"container\">\n\t\t\t\t\t<div class=\"e-con-inner\">\n\t\t\t\t<div class=\"elementor-element elementor-element-3bce187 elementor-widget elementor-widget-image\" data-id=\"3bce187\" data-element_type=\"widget\" data-widget_type=\"image.default\">\n\t\t\t\t<div class=\"elementor-widget-container\">\n\t\t\t\t\t\t\t\t\t\t\t\t\t\t\t<img loading=\"lazy\" decoding=\"async\" width=\"750\" height=\"625\" src=\"https:\/\/multiagenciacobano.com\/wp-content\/uploads\/2025\/11\/ACTIVA-5G.png\" class=\"attachment-large size-large wp-image-8056\" alt=\"\" srcset=\"https:\/\/multiagenciacobano.com\/wp-content\/uploads\/2025\/11\/ACTIVA-5G.png 750w, https:\/\/multiagenciacobano.com\/wp-content\/uploads\/2025\/11\/ACTIVA-5G-300x250.png 300w, https:\/\/multiagenciacobano.com\/wp-content\/uploads\/2025\/11\/ACTIVA-5G-14x12.png 14w\" sizes=\"(max-width: 750px) 100vw, 750px\" \/>\t\t\t\t\t\t\t\t\t\t\t\t\t\t\t<\/div>\n\t\t\t\t<\/div>\n\t\t\t\t<div class=\"elementor-element elementor-element-58022d6 elementor-widget elementor-widget-button\" data-id=\"58022d6\" data-element_type=\"widget\" data-widget_type=\"button.default\">\n\t\t\t\t<div class=\"elementor-widget-container\">\n\t\t\t\t\t\t\t\t\t<div class=\"elementor-button-wrapper\">\n\t\t\t\t\t<a class=\"elementor-button elementor-button-link elementor-size-sm elementor-animation-grow\" href=\"https:\/\/multiagenciacobano.com\/en\/activa-5g\/\">\n\t\t\t\t\t\t<span class=\"elementor-button-content-wrapper\">\n\t\t\t\t\t\t\t\t\t<span class=\"elementor-button-text\">MORE INFORMATION<\/span>\n\t\t\t\t\t<\/span>\n\t\t\t\t\t<\/a>\n\t\t\t\t<\/div>\n\t\t\t\t\t\t\t\t<\/div>\n\t\t\t\t<\/div>\n\t\t\t\t\t<\/div>\n\t\t\t\t<\/div>\n\t\t\t\t\t<\/div>\n\t\t\t\t<\/div>\n\t\t\t\t\t<\/div>\n\t\t\t\t<\/div>\n\t\t\t\t<\/div>","protected":false},"excerpt":{"rendered":"<p>VEHICULOS SCOOTER MOTOS SPORT DOBLE PROP\u00d3SITO MOTOS ESPECIALES ALTO CILINDRAJE CUADRACICLOS SIDE BY SIDE M\u00c1S INFORMACI\u00d3N M\u00c1S INFORMACI\u00d3N M\u00c1S INFORMACI\u00d3N M\u00c1S INFORMACI\u00d3N<\/p>","protected":false},"author":1,"featured_media":0,"parent":0,"menu_order":0,"comment_status":"closed","ping_status":"closed","template":"elementor_header_footer","meta":{"footnotes":""},"class_list":["post-440","page","type-page","status-publish","hentry"],"yoast_head":"<!-- This site is optimized with the Yoast SEO plugin v26.7 - https:\/\/yoast.com\/wordpress\/plugins\/seo\/ -->\n<title>SCOOTERS - Multiagencia C\u00f3bano<\/title>\n<meta name=\"robots\" content=\"index, follow, max-snippet:-1, max-image-preview:large, max-video-preview:-1\" \/>\n<link rel=\"canonical\" href=\"https:\/\/multiagenciacobano.com\/en\/scooters\/\" \/>\n<meta property=\"og:locale\" content=\"en_US\" \/>\n<meta property=\"og:type\" content=\"article\" \/>\n<meta property=\"og:title\" content=\"SCOOTERS - Multiagencia C\u00f3bano\" \/>\n<meta property=\"og:description\" content=\"VEHICULOS SCOOTER MOTOS SPORT DOBLE PROP\u00d3SITO MOTOS ESPECIALES ALTO CILINDRAJE CUADRACICLOS SIDE BY SIDE M\u00c1S INFORMACI\u00d3N M\u00c1S INFORMACI\u00d3N M\u00c1S INFORMACI\u00d3N M\u00c1S INFORMACI\u00d3N\" \/>\n<meta property=\"og:url\" content=\"https:\/\/multiagenciacobano.com\/en\/scooters\/\" \/>\n<meta property=\"og:site_name\" content=\"Multiagencia C\u00f3bano\" \/>\n<meta property=\"article:modified_time\" content=\"2026-03-11T14:21:58+00:00\" \/>\n<meta property=\"og:image\" content=\"https:\/\/multiagenciacobano.com\/wp-content\/uploads\/2025\/06\/SCOOTER-1.png\" \/>\n\t<meta property=\"og:image:width\" content=\"1271\" \/>\n\t<meta property=\"og:image:height\" content=\"589\" \/>\n\t<meta property=\"og:image:type\" content=\"image\/png\" \/>\n<meta name=\"twitter:card\" content=\"summary_large_image\" \/>\n<meta name=\"twitter:label1\" content=\"Est. reading time\" \/>\n\t<meta name=\"twitter:data1\" content=\"2 minutes\" \/>\n<script type=\"application\/ld+json\" class=\"yoast-schema-graph\">{\"@context\":\"https:\/\/schema.org\",\"@graph\":[{\"@type\":\"WebPage\",\"@id\":\"https:\/\/multiagenciacobano.com\/scooters\/\",\"url\":\"https:\/\/multiagenciacobano.com\/scooters\/\",\"name\":\"SCOOTERS - Multiagencia C\u00f3bano\",\"isPartOf\":{\"@id\":\"https:\/\/multiagenciacobano.com\/#website\"},\"primaryImageOfPage\":{\"@id\":\"https:\/\/multiagenciacobano.com\/scooters\/#primaryimage\"},\"image\":{\"@id\":\"https:\/\/multiagenciacobano.com\/scooters\/#primaryimage\"},\"thumbnailUrl\":\"https:\/\/multiagenciacobano.com\/wp-content\/uploads\/2025\/06\/SCOOTER-1.png\",\"datePublished\":\"2024-06-17T23:15:32+00:00\",\"dateModified\":\"2026-03-11T14:21:58+00:00\",\"breadcrumb\":{\"@id\":\"https:\/\/multiagenciacobano.com\/scooters\/#breadcrumb\"},\"inLanguage\":\"en-US\",\"potentialAction\":[{\"@type\":\"ReadAction\",\"target\":[\"https:\/\/multiagenciacobano.com\/scooters\/\"]}]},{\"@type\":\"ImageObject\",\"inLanguage\":\"en-US\",\"@id\":\"https:\/\/multiagenciacobano.com\/scooters\/#primaryimage\",\"url\":\"https:\/\/multiagenciacobano.com\/wp-content\/uploads\/2025\/06\/SCOOTER-1.png\",\"contentUrl\":\"https:\/\/multiagenciacobano.com\/wp-content\/uploads\/2025\/06\/SCOOTER-1.png\"},{\"@type\":\"BreadcrumbList\",\"@id\":\"https:\/\/multiagenciacobano.com\/scooters\/#breadcrumb\",\"itemListElement\":[{\"@type\":\"ListItem\",\"position\":1,\"name\":\"Portada\",\"item\":\"https:\/\/multiagenciacobano.com\/\"},{\"@type\":\"ListItem\",\"position\":2,\"name\":\"SCOOTERS\"}]},{\"@type\":\"WebSite\",\"@id\":\"https:\/\/multiagenciacobano.com\/#website\",\"url\":\"https:\/\/multiagenciacobano.com\/\",\"name\":\"Multiagencia C\u00f3bano\",\"description\":\"\",\"potentialAction\":[{\"@type\":\"SearchAction\",\"target\":{\"@type\":\"EntryPoint\",\"urlTemplate\":\"https:\/\/multiagenciacobano.com\/?s={search_term_string}\"},\"query-input\":{\"@type\":\"PropertyValueSpecification\",\"valueRequired\":true,\"valueName\":\"search_term_string\"}}],\"inLanguage\":\"en-US\"}]}<\/script>\n<!-- \/ Yoast SEO plugin. -->","yoast_head_json":{"title":"SCOOTERS - Multiagencia C\u00f3bano","robots":{"index":"index","follow":"follow","max-snippet":"max-snippet:-1","max-image-preview":"max-image-preview:large","max-video-preview":"max-video-preview:-1"},"canonical":"https:\/\/multiagenciacobano.com\/en\/scooters\/","og_locale":"en_US","og_type":"article","og_title":"SCOOTERS - Multiagencia C\u00f3bano","og_description":"VEHICULOS SCOOTER MOTOS SPORT DOBLE PROP\u00d3SITO MOTOS ESPECIALES ALTO CILINDRAJE CUADRACICLOS SIDE BY SIDE M\u00c1S INFORMACI\u00d3N M\u00c1S INFORMACI\u00d3N M\u00c1S INFORMACI\u00d3N M\u00c1S INFORMACI\u00d3N","og_url":"https:\/\/multiagenciacobano.com\/en\/scooters\/","og_site_name":"Multiagencia C\u00f3bano","article_modified_time":"2026-03-11T14:21:58+00:00","og_image":[{"width":1271,"height":589,"url":"https:\/\/multiagenciacobano.com\/wp-content\/uploads\/2025\/06\/SCOOTER-1.png","type":"image\/png"}],"twitter_card":"summary_large_image","twitter_misc":{"Est. reading time":"2 minutes"},"schema":{"@context":"https:\/\/schema.org","@graph":[{"@type":"WebPage","@id":"https:\/\/multiagenciacobano.com\/scooters\/","url":"https:\/\/multiagenciacobano.com\/scooters\/","name":"SCOOTERS - Multiagencia C\u00f3bano","isPartOf":{"@id":"https:\/\/multiagenciacobano.com\/#website"},"primaryImageOfPage":{"@id":"https:\/\/multiagenciacobano.com\/scooters\/#primaryimage"},"image":{"@id":"https:\/\/multiagenciacobano.com\/scooters\/#primaryimage"},"thumbnailUrl":"https:\/\/multiagenciacobano.com\/wp-content\/uploads\/2025\/06\/SCOOTER-1.png","datePublished":"2024-06-17T23:15:32+00:00","dateModified":"2026-03-11T14:21:58+00:00","breadcrumb":{"@id":"https:\/\/multiagenciacobano.com\/scooters\/#breadcrumb"},"inLanguage":"en-US","potentialAction":[{"@type":"ReadAction","target":["https:\/\/multiagenciacobano.com\/scooters\/"]}]},{"@type":"ImageObject","inLanguage":"en-US","@id":"https:\/\/multiagenciacobano.com\/scooters\/#primaryimage","url":"https:\/\/multiagenciacobano.com\/wp-content\/uploads\/2025\/06\/SCOOTER-1.png","contentUrl":"https:\/\/multiagenciacobano.com\/wp-content\/uploads\/2025\/06\/SCOOTER-1.png"},{"@type":"BreadcrumbList","@id":"https:\/\/multiagenciacobano.com\/scooters\/#breadcrumb","itemListElement":[{"@type":"ListItem","position":1,"name":"Portada","item":"https:\/\/multiagenciacobano.com\/"},{"@type":"ListItem","position":2,"name":"SCOOTERS"}]},{"@type":"WebSite","@id":"https:\/\/multiagenciacobano.com\/#website","url":"https:\/\/multiagenciacobano.com\/","name":"Multi-agency C\u00f3bano","description":"","potentialAction":[{"@type":"SearchAction","target":{"@type":"EntryPoint","urlTemplate":"https:\/\/multiagenciacobano.com\/?s={search_term_string}"},"query-input":{"@type":"PropertyValueSpecification","valueRequired":true,"valueName":"search_term_string"}}],"inLanguage":"en-US"}]}},"_links":{"self":[{"href":"https:\/\/multiagenciacobano.com\/en\/wp-json\/wp\/v2\/pages\/440","targetHints":{"allow":["GET"]}}],"collection":[{"href":"https:\/\/multiagenciacobano.com\/en\/wp-json\/wp\/v2\/pages"}],"about":[{"href":"https:\/\/multiagenciacobano.com\/en\/wp-json\/wp\/v2\/types\/page"}],"author":[{"embeddable":true,"href":"https:\/\/multiagenciacobano.com\/en\/wp-json\/wp\/v2\/users\/1"}],"replies":[{"embeddable":true,"href":"https:\/\/multiagenciacobano.com\/en\/wp-json\/wp\/v2\/comments?post=440"}],"version-history":[{"count":0,"href":"https:\/\/multiagenciacobano.com\/en\/wp-json\/wp\/v2\/pages\/440\/revisions"}],"wp:attachment":[{"href":"https:\/\/multiagenciacobano.com\/en\/wp-json\/wp\/v2\/media?parent=440"}],"curies":[{"name":"wp","href":"https:\/\/api.w.org\/{rel}","templated":true}]}}